{"id":2175,"date":"2024-05-24T11:01:23","date_gmt":"2024-05-24T14:01:23","guid":{"rendered":"https:\/\/botiseller.com\/?page_id=2175"},"modified":"2024-06-26T17:21:15","modified_gmt":"2024-06-26T20:21:15","slug":"graciaswp","status":"publish","type":"page","link":"https:\/\/botiseller.com\/en\/graciaswp\/","title":{"rendered":"\u00a1Gracias por ponerte en contacto! | WhatsApp"},"content":{"rendered":"<div data-elementor-type=\"wp-page\" data-elementor-id=\"2175\" class=\"elementor elementor-2175\" data-elementor-post-type=\"page\">\n\t\t\t\t\t\t<section class=\"elementor-section elementor-top-section elementor-element elementor-element-fc3cd91 elementor-section-full_width elementor-section-height-min-height elementor-section-height-default elementor-section-items-middle\" data-id=\"fc3cd91\" data-element_type=\"section\" data-e-type=\"section\" data-settings=\"{&quot;background_background&quot;:&quot;classic&quot;}\">\n\t\t\t\t\t\t\t<div class=\"elementor-background-overlay\"><\/div>\n\t\t\t\t\t\t\t<div class=\"elementor-container elementor-column-gap-default\">\n\t\t\t\t\t<div class=\"elementor-column elementor-col-100 elementor-top-column elementor-element elementor-element-9819576\" data-id=\"9819576\" data-element_type=\"column\" data-e-type=\"column\">\n\t\t\t<div class=\"elementor-widget-wrap elementor-element-populated\">\n\t\t\t\t\t\t<div class=\"elementor-element elementor-element-ec0594d elementor-widget elementor-widget-html\" data-id=\"ec0594d\" data-element_type=\"widget\" data-e-type=\"widget\" data-widget_type=\"html.default\">\n\t\t\t\t<div class=\"elementor-widget-container\">\n\t\t\t\t\t<script>\n    function generarEnlaceWhatsApp() {\n      \/\/ Obtener los par\u00e1metros de la URL\n      const urlParams = new URLSearchParams(window.location.search);\n      const nombre = urlParams.get('nombre');\n      const mensaje = urlParams.get('mensaje');\n\n      if (nombre && mensaje) {\n        const numeroTelefono = \"+5491153472926\"; \/\/ Reemplaza esto con el n\u00famero de tel\u00e9fono al que deseas enviar el mensaje (con el c\u00f3digo de pa\u00eds)\n\n        \/\/ Construir el enlace de WhatsApp con los par\u00e1metros\n        const enlaceWhatsApp = `https:\/\/api.whatsapp.com\/send?phone=${numeroTelefono}&text=Hola%20Botiseller!%20\ud83d\udc4b%20Te%20escribo%20desde%20el%20sitio%20web.%0A%0AMi%20nombre%20y%20apellido%3A%20${encodeURIComponent(nombre)}%0AMi%20consulta%3A%20${encodeURIComponent(mensaje)}`;\n\n        \/\/ Redirigir a WhatsApp en una nueva ventana\n        window.open(enlaceWhatsApp, '_blank');\n      } \n    }\n\n    \/\/ Llamar a la funci\u00f3n para generar el enlace despu\u00e9s de 3 segundos\n    setTimeout(generarEnlaceWhatsApp, 3000);\n<\/script>\n\t\t\t\t<\/div>\n\t\t\t\t<\/div>\n\t\t\t\t<div class=\"elementor-element elementor-element-55299dd elementor-widget elementor-widget-image\" data-id=\"55299dd\" data-element_type=\"widget\" data-e-type=\"widget\" data-widget_type=\"image.default\">\n\t\t\t\t<div class=\"elementor-widget-container\">\n\t\t\t\t\t\t\t\t\t\t\t\t\t\t\t<img fetchpriority=\"high\" decoding=\"async\" width=\"498\" height=\"507\" src=\"https:\/\/botiseller.com\/wp-content\/uploads\/2024\/05\/foto-perfil-wpp-botiseller.png\" class=\"attachment-full size-full wp-image-2201\" alt=\"\" srcset=\"https:\/\/botiseller.com\/wp-content\/uploads\/2024\/05\/foto-perfil-wpp-botiseller.png 498w, https:\/\/botiseller.com\/wp-content\/uploads\/2024\/05\/foto-perfil-wpp-botiseller-295x300.png 295w, https:\/\/botiseller.com\/wp-content\/uploads\/2024\/05\/foto-perfil-wpp-botiseller-12x12.png 12w\" sizes=\"(max-width: 498px) 100vw, 498px\" \/>\t\t\t\t\t\t\t\t\t\t\t\t\t\t\t<\/div>\n\t\t\t\t<\/div>\n\t\t\t\t<div class=\"elementor-element elementor-element-cf40f38 elementor-widget elementor-widget-heading\" data-id=\"cf40f38\" data-element_type=\"widget\" data-e-type=\"widget\" data-widget_type=\"heading.default\">\n\t\t\t\t<div class=\"elementor-widget-container\">\n\t\t\t\t\t<h2 class=\"elementor-heading-title elementor-size-default\">\u00a1Muchas gracias por ponerte en contacto!<\/h2>\t\t\t\t<\/div>\n\t\t\t\t<\/div>\n\t\t\t\t<div class=\"elementor-element elementor-element-84fa37b elementor-widget elementor-widget-heading\" data-id=\"84fa37b\" data-element_type=\"widget\" data-e-type=\"widget\" data-widget_type=\"heading.default\">\n\t\t\t\t<div class=\"elementor-widget-container\">\n\t\t\t\t\t<h2 class=\"elementor-heading-title elementor-size-default\">\u00bfNo fuiste re-dirigido autom\u00e1ticamente? Por favor hac\u00e9 click en \"Escribinos ahora\"<\/h2>\t\t\t\t<\/div>\n\t\t\t\t<\/div>\n\t\t\t\t<section class=\"elementor-section elementor-inner-section elementor-element elementor-element-e9872d2 elementor-section-boxed elementor-section-height-default elementor-section-height-default\" data-id=\"e9872d2\" data-element_type=\"section\" data-e-type=\"section\">\n\t\t\t\t\t\t<div class=\"elementor-container elementor-column-gap-default\">\n\t\t\t\t\t<div class=\"elementor-column elementor-col-50 elementor-inner-column elementor-element elementor-element-afa8084\" data-id=\"afa8084\" data-element_type=\"column\" data-e-type=\"column\">\n\t\t\t<div class=\"elementor-widget-wrap elementor-element-populated\">\n\t\t\t\t\t\t<div class=\"elementor-element elementor-element-7905047 elementor-align-justify elementor-mobile-align-justify elementor-widget elementor-widget-button\" data-id=\"7905047\" data-element_type=\"widget\" data-e-type=\"widget\" data-widget_type=\"button.default\">\n\t\t\t\t<div class=\"elementor-widget-container\">\n\t\t\t\t\t\t\t\t\t<div class=\"elementor-button-wrapper\">\n\t\t\t\t\t<a class=\"elementor-button elementor-button-link elementor-size-sm\" href=\"https:\/\/botiseller.com\/en\" target=\"_blank\">\n\t\t\t\t\t\t<span class=\"elementor-button-content-wrapper\">\n\t\t\t\t\t\t<span class=\"elementor-button-icon\">\n\t\t\t\t<i aria-hidden=\"true\" class=\"fas fa-arrow-left\"><\/i>\t\t\t<\/span>\n\t\t\t\t\t\t\t\t\t<span class=\"elementor-button-text\">Volver al inicio<\/span>\n\t\t\t\t\t<\/span>\n\t\t\t\t\t<\/a>\n\t\t\t\t<\/div>\n\t\t\t\t\t\t\t\t<\/div>\n\t\t\t\t<\/div>\n\t\t\t\t\t<\/div>\n\t\t<\/div>\n\t\t\t\t<div class=\"elementor-column elementor-col-50 elementor-inner-column elementor-element elementor-element-51aad2d\" data-id=\"51aad2d\" data-element_type=\"column\" data-e-type=\"column\">\n\t\t\t<div class=\"elementor-widget-wrap elementor-element-populated\">\n\t\t\t\t\t\t<div class=\"elementor-element elementor-element-ce36e6c elementor-widget elementor-widget-html\" data-id=\"ce36e6c\" data-element_type=\"widget\" data-e-type=\"widget\" data-widget_type=\"html.default\">\n\t\t\t\t<div class=\"elementor-widget-container\">\n\t\t\t\t\t<button id=\"botonwhatsappgracias\" onclick=\"generarEnlaceWhatsApp()\">\u00a1Escribinos ahora!<\/button>\n\n<style>\n    #botonwhatsappgracias {\n      background-color: #62D467;\n      color: #fff;\n      padding: 13px 20px 15px 18px;\n      border: 2px solid #62D467;\n      border-radius: 10px;\n      cursor: pointer;\n            width: 100%; \/* Ajustar el ancho del bot\u00f3n al 100% del contenedor *\/\n      font-family: 'Montserrat', sans-serif; \/* Aplicar la fuente Montserrat *\/\n      font-weight: 700; \/* Aplicar negrita *\/\n      text-transform: capitalize; \/* Inicia cada palabra con may\u00fascula *\/\n      font-size: 14px; \/* Tama\u00f1o de fuente para escritorio *\/\n    }\n\n    \/* Estilo del bot\u00f3n cuando el mouse se pasa por encima *\/\n    #botonwhatsappgracias:hover {\n      background-color: transparent;\n      color: #62D467;\n    }\n\n    \/* Ajustar el tama\u00f1o de fuente para dispositivos m\u00f3viles *\/\n    @media (max-width: 768px) {\n      #botonwhatsappgracias {\n        font-size: 13px; \/* Tama\u00f1o de fuente para dispositivos m\u00f3viles *\/\n      }\n    }\n<\/style>\n\n<script>\n    function generarEnlaceWhatsApp() {\n      \/\/ Obtener los par\u00e1metros de la URL\n      const urlParams = new URLSearchParams(window.location.search);\n      const nombre = urlParams.get('nombre');\n      const mensaje = urlParams.get('mensaje');\n\n      if (nombre && mensaje) {\n        const numeroTelefono = \"+5491153472926\"; \/\/ Reemplaza esto con el n\u00famero de tel\u00e9fono al que deseas enviar el mensaje (con el c\u00f3digo de pa\u00eds)\n\n    \/\/ Construir el enlace de WhatsApp con los par\u00e1metros\n        const enlaceWhatsApp = `https:\/\/api.whatsapp.com\/send?phone=${numeroTelefono}&text=Hola%20Botiseller!%20\ud83d\udc4b%20Te%20escribo%20desde%20el%20sitio%20web.%0A%0AMi%20nombre%20y%20apellido%3A%20${encodeURIComponent(nombre)}%0AMi%20consulta%3A%20${encodeURIComponent(mensaje)}`;\n\n        \/\/ Redirigir a WhatsApp en una nueva ventana\n        window.open(enlaceWhatsApp, '_blank');\n      } \n    }\n\n<\/script>\n\t\t\t\t<\/div>\n\t\t\t\t<\/div>\n\t\t\t\t\t<\/div>\n\t\t<\/div>\n\t\t\t\t\t<\/div>\n\t\t<\/section>\n\t\t\t\t\t<\/div>\n\t\t<\/div>\n\t\t\t\t\t<\/div>\n\t\t<\/section>\n\t\t\t\t<\/div>","protected":false},"excerpt":{"rendered":"<p>\u00bfNo fuiste re-dirigido autom\u00e1ticamente? Por favor hac\u00e9 click en \u00abEscribinos ahora\u00bb<\/p>","protected":false},"author":6,"featured_media":2152,"parent":0,"menu_order":0,"comment_status":"closed","ping_status":"closed","template":"elementor_canvas","meta":{"footnotes":""},"class_list":["post-2175","page","type-page","status-publish","has-post-thumbnail","hentry"],"yoast_head":"<!-- This site is optimized with the Yoast SEO plugin v27.3 - https:\/\/yoast.com\/product\/yoast-seo-wordpress\/ -->\n<title>Botiseller | Potencia tus ventas con IA en Whatsapp<\/title>\n<meta name=\"description\" content=\"\u00a1Obt\u00e9n un agente comercial IA autom\u00e1tico en Whatsapp disponible 24\/7! Sin salir de la APP, tus clientes podr\u00e1n conversar, elegir productos, env\u00edos y pagar directo para recibir su pedido donde quieran.\" \/>\n<meta name=\"robots\" content=\"noindex, nofollow\" \/>\n<meta property=\"og:locale\" content=\"en_US\" \/>\n<meta property=\"og:type\" content=\"article\" \/>\n<meta property=\"og:title\" content=\"Botiseller | Potencia tus ventas con IA en Whatsapp\" \/>\n<meta property=\"og:description\" content=\"\u00a1Obt\u00e9n un agente comercial IA autom\u00e1tico en Whatsapp disponible 24\/7! Sin salir de la APP, tus clientes podr\u00e1n conversar, elegir productos, env\u00edos y pagar directo para recibir su pedido donde quieran.\" \/>\n<meta property=\"og:url\" content=\"https:\/\/botiseller.com\/en\/graciaswp\/\" \/>\n<meta property=\"og:site_name\" content=\"Botiseller\" \/>\n<meta property=\"article:publisher\" content=\"http:\/\/www.facebook.com\/botiseller\" \/>\n<meta property=\"article:modified_time\" content=\"2024-06-26T20:21:15+00:00\" \/>\n<meta property=\"og:image\" content=\"https:\/\/botiseller.com\/wp-content\/uploads\/2024\/05\/Recurso-1@2x-8.webp\" \/>\n\t<meta property=\"og:image:width\" content=\"2561\" \/>\n\t<meta property=\"og:image:height\" content=\"1714\" \/>\n\t<meta property=\"og:image:type\" content=\"image\/webp\" \/>\n<meta name=\"twitter:card\" content=\"summary_large_image\" \/>\n<meta name=\"twitter:label1\" content=\"Est. reading time\" \/>\n\t<meta name=\"twitter:data1\" content=\"1 minute\" \/>\n<script type=\"application\/ld+json\" class=\"yoast-schema-graph\">{\"@context\":\"https:\\\/\\\/schema.org\",\"@graph\":[{\"@type\":\"WebPage\",\"@id\":\"https:\\\/\\\/botiseller.com\\\/graciaswp\\\/\",\"url\":\"https:\\\/\\\/botiseller.com\\\/graciaswp\\\/\",\"name\":\"Botiseller | Potencia tus ventas con IA en Whatsapp\",\"isPartOf\":{\"@id\":\"https:\\\/\\\/botiseller.com\\\/#website\"},\"primaryImageOfPage\":{\"@id\":\"https:\\\/\\\/botiseller.com\\\/graciaswp\\\/#primaryimage\"},\"image\":{\"@id\":\"https:\\\/\\\/botiseller.com\\\/graciaswp\\\/#primaryimage\"},\"thumbnailUrl\":\"https:\\\/\\\/botiseller.com\\\/wp-content\\\/uploads\\\/2024\\\/05\\\/Recurso-1@2x-8.webp\",\"datePublished\":\"2024-05-24T14:01:23+00:00\",\"dateModified\":\"2024-06-26T20:21:15+00:00\",\"description\":\"\u00a1Obt\u00e9n un agente comercial IA autom\u00e1tico en Whatsapp disponible 24\\\/7! Sin salir de la APP, tus clientes podr\u00e1n conversar, elegir productos, env\u00edos y pagar directo para recibir su pedido donde quieran.\",\"breadcrumb\":{\"@id\":\"https:\\\/\\\/botiseller.com\\\/graciaswp\\\/#breadcrumb\"},\"inLanguage\":\"en-US\",\"potentialAction\":[{\"@type\":\"ReadAction\",\"target\":[\"https:\\\/\\\/botiseller.com\\\/graciaswp\\\/\"]}]},{\"@type\":\"ImageObject\",\"inLanguage\":\"en-US\",\"@id\":\"https:\\\/\\\/botiseller.com\\\/graciaswp\\\/#primaryimage\",\"url\":\"https:\\\/\\\/botiseller.com\\\/wp-content\\\/uploads\\\/2024\\\/05\\\/Recurso-1@2x-8.webp\",\"contentUrl\":\"https:\\\/\\\/botiseller.com\\\/wp-content\\\/uploads\\\/2024\\\/05\\\/Recurso-1@2x-8.webp\",\"width\":2561,\"height\":1714},{\"@type\":\"BreadcrumbList\",\"@id\":\"https:\\\/\\\/botiseller.com\\\/graciaswp\\\/#breadcrumb\",\"itemListElement\":[{\"@type\":\"ListItem\",\"position\":1,\"name\":\"Portada\",\"item\":\"https:\\\/\\\/botiseller.com\\\/\"},{\"@type\":\"ListItem\",\"position\":2,\"name\":\"\u00a1Gracias por ponerte en contacto! | WhatsApp\"}]},{\"@type\":\"WebSite\",\"@id\":\"https:\\\/\\\/botiseller.com\\\/#website\",\"url\":\"https:\\\/\\\/botiseller.com\\\/\",\"name\":\"Botiseller\",\"description\":\"Sell smarter\",\"publisher\":{\"@id\":\"https:\\\/\\\/botiseller.com\\\/#organization\"},\"potentialAction\":[{\"@type\":\"SearchAction\",\"target\":{\"@type\":\"EntryPoint\",\"urlTemplate\":\"https:\\\/\\\/botiseller.com\\\/?s={search_term_string}\"},\"query-input\":{\"@type\":\"PropertyValueSpecification\",\"valueRequired\":true,\"valueName\":\"search_term_string\"}}],\"inLanguage\":\"en-US\"},{\"@type\":\"Organization\",\"@id\":\"https:\\\/\\\/botiseller.com\\\/#organization\",\"name\":\"Botiseller\",\"url\":\"https:\\\/\\\/botiseller.com\\\/\",\"logo\":{\"@type\":\"ImageObject\",\"inLanguage\":\"en-US\",\"@id\":\"https:\\\/\\\/botiseller.com\\\/#\\\/schema\\\/logo\\\/image\\\/\",\"url\":\"https:\\\/\\\/botiseller.com\\\/wp-content\\\/uploads\\\/2021\\\/11\\\/botiseller-new-final_page-0004.png\",\"contentUrl\":\"https:\\\/\\\/botiseller.com\\\/wp-content\\\/uploads\\\/2021\\\/11\\\/botiseller-new-final_page-0004.png\",\"width\":663,\"height\":138,\"caption\":\"Botiseller\"},\"image\":{\"@id\":\"https:\\\/\\\/botiseller.com\\\/#\\\/schema\\\/logo\\\/image\\\/\"},\"sameAs\":[\"http:\\\/\\\/www.facebook.com\\\/botiseller\",\"http:\\\/\\\/www.instagram.com\\\/botiseller\"]}]}<\/script>\n<!-- \/ Yoast SEO plugin. -->","yoast_head_json":{"title":"Botiseller | Potencia tus ventas con IA en Whatsapp","description":"\u00a1Obt\u00e9n un agente comercial IA autom\u00e1tico en Whatsapp disponible 24\/7! Sin salir de la APP, tus clientes podr\u00e1n conversar, elegir productos, env\u00edos y pagar directo para recibir su pedido donde quieran.","robots":{"index":"noindex","follow":"nofollow"},"og_locale":"en_US","og_type":"article","og_title":"Botiseller | Potencia tus ventas con IA en Whatsapp","og_description":"\u00a1Obt\u00e9n un agente comercial IA autom\u00e1tico en Whatsapp disponible 24\/7! Sin salir de la APP, tus clientes podr\u00e1n conversar, elegir productos, env\u00edos y pagar directo para recibir su pedido donde quieran.","og_url":"https:\/\/botiseller.com\/en\/graciaswp\/","og_site_name":"Botiseller","article_publisher":"http:\/\/www.facebook.com\/botiseller","article_modified_time":"2024-06-26T20:21:15+00:00","og_image":[{"width":2561,"height":1714,"url":"https:\/\/botiseller.com\/wp-content\/uploads\/2024\/05\/Recurso-1@2x-8.webp","type":"image\/webp"}],"twitter_card":"summary_large_image","twitter_misc":{"Est. reading time":"1 minute"},"schema":{"@context":"https:\/\/schema.org","@graph":[{"@type":"WebPage","@id":"https:\/\/botiseller.com\/graciaswp\/","url":"https:\/\/botiseller.com\/graciaswp\/","name":"Botiseller | Potencia tus ventas con IA en Whatsapp","isPartOf":{"@id":"https:\/\/botiseller.com\/#website"},"primaryImageOfPage":{"@id":"https:\/\/botiseller.com\/graciaswp\/#primaryimage"},"image":{"@id":"https:\/\/botiseller.com\/graciaswp\/#primaryimage"},"thumbnailUrl":"https:\/\/botiseller.com\/wp-content\/uploads\/2024\/05\/Recurso-1@2x-8.webp","datePublished":"2024-05-24T14:01:23+00:00","dateModified":"2024-06-26T20:21:15+00:00","description":"\u00a1Obt\u00e9n un agente comercial IA autom\u00e1tico en Whatsapp disponible 24\/7! Sin salir de la APP, tus clientes podr\u00e1n conversar, elegir productos, env\u00edos y pagar directo para recibir su pedido donde quieran.","breadcrumb":{"@id":"https:\/\/botiseller.com\/graciaswp\/#breadcrumb"},"inLanguage":"en-US","potentialAction":[{"@type":"ReadAction","target":["https:\/\/botiseller.com\/graciaswp\/"]}]},{"@type":"ImageObject","inLanguage":"en-US","@id":"https:\/\/botiseller.com\/graciaswp\/#primaryimage","url":"https:\/\/botiseller.com\/wp-content\/uploads\/2024\/05\/Recurso-1@2x-8.webp","contentUrl":"https:\/\/botiseller.com\/wp-content\/uploads\/2024\/05\/Recurso-1@2x-8.webp","width":2561,"height":1714},{"@type":"BreadcrumbList","@id":"https:\/\/botiseller.com\/graciaswp\/#breadcrumb","itemListElement":[{"@type":"ListItem","position":1,"name":"Portada","item":"https:\/\/botiseller.com\/"},{"@type":"ListItem","position":2,"name":"\u00a1Gracias por ponerte en contacto! | WhatsApp"}]},{"@type":"WebSite","@id":"https:\/\/botiseller.com\/#website","url":"https:\/\/botiseller.com\/","name":"Botiseller","description":"Sell smarter","publisher":{"@id":"https:\/\/botiseller.com\/#organization"},"potentialAction":[{"@type":"SearchAction","target":{"@type":"EntryPoint","urlTemplate":"https:\/\/botiseller.com\/?s={search_term_string}"},"query-input":{"@type":"PropertyValueSpecification","valueRequired":true,"valueName":"search_term_string"}}],"inLanguage":"en-US"},{"@type":"Organization","@id":"https:\/\/botiseller.com\/#organization","name":"Botiseller","url":"https:\/\/botiseller.com\/","logo":{"@type":"ImageObject","inLanguage":"en-US","@id":"https:\/\/botiseller.com\/#\/schema\/logo\/image\/","url":"https:\/\/botiseller.com\/wp-content\/uploads\/2021\/11\/botiseller-new-final_page-0004.png","contentUrl":"https:\/\/botiseller.com\/wp-content\/uploads\/2021\/11\/botiseller-new-final_page-0004.png","width":663,"height":138,"caption":"Botiseller"},"image":{"@id":"https:\/\/botiseller.com\/#\/schema\/logo\/image\/"},"sameAs":["http:\/\/www.facebook.com\/botiseller","http:\/\/www.instagram.com\/botiseller"]}]}},"_links":{"self":[{"href":"https:\/\/botiseller.com\/en\/wp-json\/wp\/v2\/pages\/2175","targetHints":{"allow":["GET"]}}],"collection":[{"href":"https:\/\/botiseller.com\/en\/wp-json\/wp\/v2\/pages"}],"about":[{"href":"https:\/\/botiseller.com\/en\/wp-json\/wp\/v2\/types\/page"}],"author":[{"embeddable":true,"href":"https:\/\/botiseller.com\/en\/wp-json\/wp\/v2\/users\/6"}],"replies":[{"embeddable":true,"href":"https:\/\/botiseller.com\/en\/wp-json\/wp\/v2\/comments?post=2175"}],"version-history":[{"count":29,"href":"https:\/\/botiseller.com\/en\/wp-json\/wp\/v2\/pages\/2175\/revisions"}],"predecessor-version":[{"id":2836,"href":"https:\/\/botiseller.com\/en\/wp-json\/wp\/v2\/pages\/2175\/revisions\/2836"}],"wp:featuredmedia":[{"embeddable":true,"href":"https:\/\/botiseller.com\/en\/wp-json\/wp\/v2\/media\/2152"}],"wp:attachment":[{"href":"https:\/\/botiseller.com\/en\/wp-json\/wp\/v2\/media?parent=2175"}],"curies":[{"name":"wp","href":"https:\/\/api.w.org\/{rel}","templated":true}]}}